{"id":4683,"date":"2025-12-24T17:28:32","date_gmt":"2025-12-24T17:28:32","guid":{"rendered":"https:\/\/web.alisemen.com\/mediko\/?post_type=product&#038;p=4683"},"modified":"2025-12-28T08:10:46","modified_gmt":"2025-12-28T08:10:46","slug":"bioquick-5","status":"publish","type":"product","link":"https:\/\/web.alisemen.com\/mediko\/en\/urunler\/braket\/kapakli\/metal\/forestadent\/bioquick-5\/","title":{"rendered":"BioQuick 5"},"content":{"rendered":"","protected":false},"excerpt":{"rendered":"<p>Quick braketlerin 5. Serisi yeni kapak tasar\u0131m\u0131yla hekimlere bir s\u00fcr\u00fc avantaj sa\u011flamaktad\u0131r.<\/p>\n<p><a class=\"md-pdf\" href=\"\/mediko\/en\/images\/Info236D_BioQuick_08-2023_final_EN_web.pdf\/\" target=\"_blank\" rel=\"noopener\"><br \/>\n<span class=\"md-icon\">\ud83d\udcc4<\/span><br \/>\n<span class=\"md-text\">Bro\u015f\u00fcr<\/span><br \/>\n<\/a><\/p>","protected":false},"featured_media":4684,"comment_status":"open","ping_status":"closed","template":"","meta":{"ngg_post_thumbnail":0,"_joinchat":[]},"product_brand":[],"product_cat":[42,102,99,100],"product_tag":[],"class_list":{"0":"post-4683","1":"product","2":"type-product","3":"status-publish","4":"has-post-thumbnail","6":"product_cat-braket","7":"product_cat-forestadent","8":"product_cat-kapakli","9":"product_cat-metal","11":"first","12":"instock","13":"shipping-taxable","14":"product-type-simple"},"_links":{"self":[{"href":"https:\/\/web.alisemen.com\/mediko\/en\/wp-json\/wp\/v2\/product\/4683","targetHints":{"allow":["GET"]}}],"collection":[{"href":"https:\/\/web.alisemen.com\/mediko\/en\/wp-json\/wp\/v2\/product"}],"about":[{"href":"https:\/\/web.alisemen.com\/mediko\/en\/wp-json\/wp\/v2\/types\/product"}],"replies":[{"embeddable":true,"href":"https:\/\/web.alisemen.com\/mediko\/en\/wp-json\/wp\/v2\/comments?post=4683"}],"wp:featuredmedia":[{"embeddable":true,"href":"https:\/\/web.alisemen.com\/mediko\/en\/wp-json\/wp\/v2\/media\/4684"}],"wp:attachment":[{"href":"https:\/\/web.alisemen.com\/mediko\/en\/wp-json\/wp\/v2\/media?parent=4683"}],"wp:term":[{"taxonomy":"product_brand","embeddable":true,"href":"https:\/\/web.alisemen.com\/mediko\/en\/wp-json\/wp\/v2\/product_brand?post=4683"},{"taxonomy":"product_cat","embeddable":true,"href":"https:\/\/web.alisemen.com\/mediko\/en\/wp-json\/wp\/v2\/product_cat?post=4683"},{"taxonomy":"product_tag","embeddable":true,"href":"https:\/\/web.alisemen.com\/mediko\/en\/wp-json\/wp\/v2\/product_tag?post=4683"}],"curies":[{"name":"wp","href":"https:\/\/api.w.org\/{rel}","templated":true}]}}