{"id":4835,"date":"2025-12-25T11:13:35","date_gmt":"2025-12-25T11:13:35","guid":{"rendered":"https:\/\/web.alisemen.com\/mediko\/?post_type=product&#038;p=4835"},"modified":"2025-12-28T08:35:27","modified_gmt":"2025-12-28T08:35:27","slug":"stb","status":"publish","type":"product","link":"https:\/\/web.alisemen.com\/mediko\/en\/urunler\/braket\/lingual\/ormco-lingual\/stb\/","title":{"rendered":"STB"},"content":{"rendered":"","protected":false},"excerpt":{"rendered":"<p>STb Sistemi maksimum 3-D kontrol\u00fc ve tam g\u00f6r\u00fcnmezli\u011fi birle\u015ftirir, onu siz ve hastalar\u0131n\u0131z i\u00e7in ideal estetik \u00e7\u00f6z\u00fcm haline getiriyor. Ola\u011fan\u00fcst\u00fc kalite, verimlilik, basitlik ve hasta konforu.<\/p>\n<p><a class=\"md-pdf\" href=\"\/images\/STB_Doktor.pdf\" target=\"_blank\" rel=\"noopener\"><br \/>\n<span class=\"md-icon\">\ud83d\udcc4<\/span><br \/>\n<span class=\"md-text\">Doctor Brochure<\/span><br \/>\n<\/a><\/p>\n<p><a class=\"md-pdf\" href=\"\/images\/STB_Hasta.pdf\" target=\"_blank\" rel=\"noopener\"><br \/>\n<span class=\"md-icon\">\ud83d\udcc4<\/span><br \/>\n<span class=\"md-text\">Hasta Bro\u015f\u00fcr\u00fc<\/span><br \/>\n<\/a><\/p>","protected":false},"featured_media":4836,"comment_status":"open","ping_status":"closed","template":"","meta":{"ngg_post_thumbnail":0,"_joinchat":[]},"product_brand":[],"product_cat":[42,154,155],"product_tag":[],"class_list":{"0":"post-4835","1":"product","2":"type-product","3":"status-publish","4":"has-post-thumbnail","6":"product_cat-braket","7":"product_cat-lingual","8":"product_cat-ormco-lingual","10":"first","11":"instock","12":"shipping-taxable","13":"product-type-simple"},"_links":{"self":[{"href":"https:\/\/web.alisemen.com\/mediko\/en\/wp-json\/wp\/v2\/product\/4835","targetHints":{"allow":["GET"]}}],"collection":[{"href":"https:\/\/web.alisemen.com\/mediko\/en\/wp-json\/wp\/v2\/product"}],"about":[{"href":"https:\/\/web.alisemen.com\/mediko\/en\/wp-json\/wp\/v2\/types\/product"}],"replies":[{"embeddable":true,"href":"https:\/\/web.alisemen.com\/mediko\/en\/wp-json\/wp\/v2\/comments?post=4835"}],"wp:featuredmedia":[{"embeddable":true,"href":"https:\/\/web.alisemen.com\/mediko\/en\/wp-json\/wp\/v2\/media\/4836"}],"wp:attachment":[{"href":"https:\/\/web.alisemen.com\/mediko\/en\/wp-json\/wp\/v2\/media?parent=4835"}],"wp:term":[{"taxonomy":"product_brand","embeddable":true,"href":"https:\/\/web.alisemen.com\/mediko\/en\/wp-json\/wp\/v2\/product_brand?post=4835"},{"taxonomy":"product_cat","embeddable":true,"href":"https:\/\/web.alisemen.com\/mediko\/en\/wp-json\/wp\/v2\/product_cat?post=4835"},{"taxonomy":"product_tag","embeddable":true,"href":"https:\/\/web.alisemen.com\/mediko\/en\/wp-json\/wp\/v2\/product_tag?post=4835"}],"curies":[{"name":"wp","href":"https:\/\/api.w.org\/{rel}","templated":true}]}}