{"id":4863,"date":"2025-12-25T11:36:36","date_gmt":"2025-12-25T11:36:36","guid":{"rendered":"https:\/\/web.alisemen.com\/mediko\/?post_type=product&#038;p=4863"},"modified":"2025-12-26T15:49:02","modified_gmt":"2025-12-26T15:49:02","slug":"peerless","status":"publish","type":"product","link":"https:\/\/web.alisemen.com\/mediko\/en\/urunler\/tupler\/ormco-tupler\/peerless\/","title":{"rendered":"Peerless"},"content":{"rendered":"","protected":false},"excerpt":{"rendered":"<p>D\u00f6n\u00fc\u015ft\u00fcr\u00fclebilir Peerless t\u00fcpler, kaynaklanabilir veya yap\u0131\u015ft\u0131r\u0131labilir single, double veya triple olarak mevcuttur. Hepsi yard\u0131mc\u0131 t\u00fcpler ve ba\u015fl\u0131k, d\u00f6nd\u00fcr\u00fclm\u00fc\u015f az\u0131 di\u015fleri ile ba\u015fl\u0131\u011f\u0131n yerle\u015ftirilmesini kolayla\u015ft\u0131ran 0 \u00b0 distal ofsete sahiptir. Aksi belirtilmedik\u00e7e t\u00fcm birinci molar benzersiz t\u00fcpler d\u00f6n\u00fc\u015ft\u00fcr\u00fclebilir. Cap Tool (801-0094) yapar d\u00f6n\u00fc\u015ft\u00fcrme g\u00fcvenli ve kolayd\u0131r. \u0130kinci molar e\u015fsiz t\u00fcpler d\u00f6n\u00fc\u015ft\u00fcr\u00fclemez. .<\/p>\n<p><a class=\"md-pdf\" href=\"\/images\/Peerless_Doktor.pdf\" rel=\"noopener\"><br \/>\n<span class=\"md-icon\">\ud83d\udcc4<\/span><br \/>\n<span class=\"md-text\">Doctor Brochure<\/span><br \/>\n<\/a><\/p>","protected":false},"featured_media":4865,"comment_status":"open","ping_status":"closed","template":"","meta":{"ngg_post_thumbnail":0,"_joinchat":[]},"product_brand":[],"product_cat":[107,106],"product_tag":[],"class_list":{"0":"post-4863","1":"product","2":"type-product","3":"status-publish","4":"has-post-thumbnail","6":"product_cat-ormco-tupler","7":"product_cat-tupler","9":"first","10":"instock","11":"shipping-taxable","12":"product-type-simple"},"_links":{"self":[{"href":"https:\/\/web.alisemen.com\/mediko\/en\/wp-json\/wp\/v2\/product\/4863","targetHints":{"allow":["GET"]}}],"collection":[{"href":"https:\/\/web.alisemen.com\/mediko\/en\/wp-json\/wp\/v2\/product"}],"about":[{"href":"https:\/\/web.alisemen.com\/mediko\/en\/wp-json\/wp\/v2\/types\/product"}],"replies":[{"embeddable":true,"href":"https:\/\/web.alisemen.com\/mediko\/en\/wp-json\/wp\/v2\/comments?post=4863"}],"wp:featuredmedia":[{"embeddable":true,"href":"https:\/\/web.alisemen.com\/mediko\/en\/wp-json\/wp\/v2\/media\/4865"}],"wp:attachment":[{"href":"https:\/\/web.alisemen.com\/mediko\/en\/wp-json\/wp\/v2\/media?parent=4863"}],"wp:term":[{"taxonomy":"product_brand","embeddable":true,"href":"https:\/\/web.alisemen.com\/mediko\/en\/wp-json\/wp\/v2\/product_brand?post=4863"},{"taxonomy":"product_cat","embeddable":true,"href":"https:\/\/web.alisemen.com\/mediko\/en\/wp-json\/wp\/v2\/product_cat?post=4863"},{"taxonomy":"product_tag","embeddable":true,"href":"https:\/\/web.alisemen.com\/mediko\/en\/wp-json\/wp\/v2\/product_tag?post=4863"}],"curies":[{"name":"wp","href":"https:\/\/api.w.org\/{rel}","templated":true}]}}