{"id":5044,"date":"2025-12-25T15:08:31","date_gmt":"2025-12-25T15:08:31","guid":{"rendered":"https:\/\/web.alisemen.com\/mediko\/?post_type=product&#038;p=5044"},"modified":"2025-12-26T20:48:07","modified_gmt":"2025-12-26T20:48:07","slug":"grengloo","status":"publish","type":"product","link":"https:\/\/web.alisemen.com\/mediko\/en\/urunler\/yapistiricilar\/ormco-yapistiricilar\/grengloo\/","title":{"rendered":"Grengloo"},"content":{"rendered":"","protected":false},"excerpt":{"rendered":"<p>Gr\u0113ngloo &#x2122;, g\u00fc\u00e7, esneklik ve ak\u0131ll\u0131l\u0131k sa\u011flayan metal braketler i\u00e7in iki y\u00f6nl\u00fc renk de\u011fi\u015ftiren yap\u0131\u015ft\u0131r\u0131c\u0131d\u0131r.<\/p>\n<p><a class=\"md-pdf\" href=\"\/images\/Grengloo_Kat.pdf\" target=\"_blank\" rel=\"noopener\"><br \/>\n<span class=\"md-icon\">\ud83d\udcc4<\/span><br \/>\n<span class=\"md-text\">Doctor Brochure<\/span><br \/>\n<\/a><\/p>","protected":false},"featured_media":5045,"comment_status":"open","ping_status":"closed","template":"","meta":{"ngg_post_thumbnail":0,"_joinchat":[]},"product_brand":[],"product_cat":[118,117],"product_tag":[],"class_list":{"0":"post-5044","1":"product","2":"type-product","3":"status-publish","4":"has-post-thumbnail","6":"product_cat-ormco-yapistiricilar","7":"product_cat-yapistiricilar","9":"first","10":"instock","11":"shipping-taxable","12":"product-type-simple"},"_links":{"self":[{"href":"https:\/\/web.alisemen.com\/mediko\/en\/wp-json\/wp\/v2\/product\/5044","targetHints":{"allow":["GET"]}}],"collection":[{"href":"https:\/\/web.alisemen.com\/mediko\/en\/wp-json\/wp\/v2\/product"}],"about":[{"href":"https:\/\/web.alisemen.com\/mediko\/en\/wp-json\/wp\/v2\/types\/product"}],"replies":[{"embeddable":true,"href":"https:\/\/web.alisemen.com\/mediko\/en\/wp-json\/wp\/v2\/comments?post=5044"}],"wp:featuredmedia":[{"embeddable":true,"href":"https:\/\/web.alisemen.com\/mediko\/en\/wp-json\/wp\/v2\/media\/5045"}],"wp:attachment":[{"href":"https:\/\/web.alisemen.com\/mediko\/en\/wp-json\/wp\/v2\/media?parent=5044"}],"wp:term":[{"taxonomy":"product_brand","embeddable":true,"href":"https:\/\/web.alisemen.com\/mediko\/en\/wp-json\/wp\/v2\/product_brand?post=5044"},{"taxonomy":"product_cat","embeddable":true,"href":"https:\/\/web.alisemen.com\/mediko\/en\/wp-json\/wp\/v2\/product_cat?post=5044"},{"taxonomy":"product_tag","embeddable":true,"href":"https:\/\/web.alisemen.com\/mediko\/en\/wp-json\/wp\/v2\/product_tag?post=5044"}],"curies":[{"name":"wp","href":"https:\/\/api.w.org\/{rel}","templated":true}]}}