{"id":4681,"date":"2025-12-24T15:08:17","date_gmt":"2025-12-24T15:08:17","guid":{"rendered":"https:\/\/web.alisemen.com\/mediko\/?post_type=product&#038;p=4681"},"modified":"2025-12-28T08:20:17","modified_gmt":"2025-12-28T08:20:17","slug":"mini-diamond","status":"publish","type":"product","link":"https:\/\/web.alisemen.com\/mediko\/urunler\/braket\/kapaksiz\/metal-kapaksiz\/ormco-metal-kapaksiz\/mini-diamond\/","title":{"rendered":"Mini Diamond"},"content":{"rendered":"","protected":false},"excerpt":{"rendered":"<p>Mini Diamond, Diamond braketin mini versiyonudur. 17-4 kalite paslanmaz \u00e7elikten yap\u0131lm\u0131\u015ft\u0131r, standart bir braket ile ayn\u0131 yerle\u015fim do\u011frulu\u011funu sunar. Taban\u0131n ve braketin t\u00fcm yatay bile\u015fenleri insizal (veya okl\u00fczal) di\u015fin kenar\u0131.<\/p>\n<p><a class=\"md-pdf\" href=\"\/images\/Micro_MiniSprint\/762-6354_MINI_DIAMOND_FLYER_UK_compressed.pdf\" target=\"_blank\" rel=\"noopener\"><br \/>\n<span class=\"md-icon\">&#x1f4c4;<\/span><br \/>\n<span class=\"md-text\">Doktor Bro\u015f\u00fcr\u00fc<\/span><br \/>\n<\/a><\/p>\n<p><a class=\"md-pdf\" href=\"\/images\/Mini_Diamond_Sales_Sheet.pdf\" target=\"_blank\" rel=\"noopener\"><br \/>\n<span class=\"md-icon\">&#x1f4c4;<\/span><br \/>\n<span class=\"md-text\">Doktor Bro\u015f\u00fcr\u00fc<\/span><br \/>\n<\/a><\/p>\n","protected":false},"featured_media":4682,"comment_status":"open","ping_status":"closed","template":"","meta":{"ngg_post_thumbnail":0,"_joinchat":[]},"product_brand":[],"product_cat":[42,147,148,149],"product_tag":[],"class_list":{"0":"post-4681","1":"product","2":"type-product","3":"status-publish","4":"has-post-thumbnail","6":"product_cat-braket","7":"product_cat-kapaksiz","8":"product_cat-metal-kapaksiz","9":"product_cat-ormco-metal-kapaksiz","11":"first","12":"instock","13":"shipping-taxable","14":"product-type-simple"},"_links":{"self":[{"href":"https:\/\/web.alisemen.com\/mediko\/wp-json\/wp\/v2\/product\/4681","targetHints":{"allow":["GET"]}}],"collection":[{"href":"https:\/\/web.alisemen.com\/mediko\/wp-json\/wp\/v2\/product"}],"about":[{"href":"https:\/\/web.alisemen.com\/mediko\/wp-json\/wp\/v2\/types\/product"}],"replies":[{"embeddable":true,"href":"https:\/\/web.alisemen.com\/mediko\/wp-json\/wp\/v2\/comments?post=4681"}],"wp:featuredmedia":[{"embeddable":true,"href":"https:\/\/web.alisemen.com\/mediko\/wp-json\/wp\/v2\/media\/4682"}],"wp:attachment":[{"href":"https:\/\/web.alisemen.com\/mediko\/wp-json\/wp\/v2\/media?parent=4681"}],"wp:term":[{"taxonomy":"product_brand","embeddable":true,"href":"https:\/\/web.alisemen.com\/mediko\/wp-json\/wp\/v2\/product_brand?post=4681"},{"taxonomy":"product_cat","embeddable":true,"href":"https:\/\/web.alisemen.com\/mediko\/wp-json\/wp\/v2\/product_cat?post=4681"},{"taxonomy":"product_tag","embeddable":true,"href":"https:\/\/web.alisemen.com\/mediko\/wp-json\/wp\/v2\/product_tag?post=4681"}],"curies":[{"name":"wp","href":"https:\/\/api.w.org\/{rel}","templated":true}]}}