{"id":4715,"date":"2025-12-24T19:48:09","date_gmt":"2025-12-24T19:48:09","guid":{"rendered":"https:\/\/web.alisemen.com\/mediko\/?post_type=product&#038;p=4715"},"modified":"2025-12-28T08:09:33","modified_gmt":"2025-12-28T08:09:33","slug":"damon-q2","status":"publish","type":"product","link":"https:\/\/web.alisemen.com\/mediko\/urunler\/braket\/kapakli\/metal\/ormco\/damon-q2\/","title":{"rendered":"Damon Q2"},"content":{"rendered":"","protected":false},"excerpt":{"rendered":"<p>G\u00fcvenilir Damon &#x2122; braket \u00f6zelliklerinin birle\u015ftirilmesi kravat-kanat alan\u0131 alt\u0131nda geni\u015f rahatl\u0131k ve Damon &#x2122; Q2 daha fazla d\u00f6n\u00fc\u015f kontrol\u00fc, t\u00fcm vakalar\u0131n\u0131z\u0131 verimli bir \u015fekilde tedavi etmek i\u00e7in \u00e7ok y\u00f6nl\u00fcl\u00fck basitle\u015ftirilmi\u015f mekanik ile.<\/p>\n<p><a class=\"md-pdf\" href=\"\/images\/Damon_Q2\/Damon_Q2_Doktor.pdf\" target=\"_blank\" rel=\"noopener\"><br \/>\n<span class=\"md-icon\">&#x1f4c4;<\/span><br \/>\n<span class=\"md-text\">Doktor Bro\u015f\u00fcr\u00fc<\/span><br \/>\n<\/a><\/p>\n<p><a class=\"md-pdf\" href=\"\/images\/Damon_Q\/Damon_Q_Hasta.pdf\" target=\"_blank\" rel=\"noopener\"><br \/>\n<span class=\"md-icon\">&#x1f4c4;<\/span><br \/>\n<span class=\"md-text\">Hasta Bro\u015f\u00fcr\u00fc<\/span><br \/>\n<\/a><\/p>\n","protected":false},"featured_media":4717,"comment_status":"open","ping_status":"closed","template":"","meta":{"ngg_post_thumbnail":0,"_joinchat":[]},"product_brand":[],"product_cat":[42,99,100,101],"product_tag":[],"class_list":{"0":"post-4715","1":"product","2":"type-product","3":"status-publish","4":"has-post-thumbnail","6":"product_cat-braket","7":"product_cat-kapakli","8":"product_cat-metal","9":"product_cat-ormco","11":"first","12":"instock","13":"shipping-taxable","14":"product-type-simple"},"_links":{"self":[{"href":"https:\/\/web.alisemen.com\/mediko\/wp-json\/wp\/v2\/product\/4715","targetHints":{"allow":["GET"]}}],"collection":[{"href":"https:\/\/web.alisemen.com\/mediko\/wp-json\/wp\/v2\/product"}],"about":[{"href":"https:\/\/web.alisemen.com\/mediko\/wp-json\/wp\/v2\/types\/product"}],"replies":[{"embeddable":true,"href":"https:\/\/web.alisemen.com\/mediko\/wp-json\/wp\/v2\/comments?post=4715"}],"wp:featuredmedia":[{"embeddable":true,"href":"https:\/\/web.alisemen.com\/mediko\/wp-json\/wp\/v2\/media\/4717"}],"wp:attachment":[{"href":"https:\/\/web.alisemen.com\/mediko\/wp-json\/wp\/v2\/media?parent=4715"}],"wp:term":[{"taxonomy":"product_brand","embeddable":true,"href":"https:\/\/web.alisemen.com\/mediko\/wp-json\/wp\/v2\/product_brand?post=4715"},{"taxonomy":"product_cat","embeddable":true,"href":"https:\/\/web.alisemen.com\/mediko\/wp-json\/wp\/v2\/product_cat?post=4715"},{"taxonomy":"product_tag","embeddable":true,"href":"https:\/\/web.alisemen.com\/mediko\/wp-json\/wp\/v2\/product_tag?post=4715"}],"curies":[{"name":"wp","href":"https:\/\/api.w.org\/{rel}","templated":true}]}}