{"id":4754,"date":"2025-12-25T09:28:35","date_gmt":"2025-12-25T09:28:35","guid":{"rendered":"https:\/\/web.alisemen.com\/mediko\/?post_type=product&#038;p=4754"},"modified":"2025-12-28T07:53:26","modified_gmt":"2025-12-28T07:53:26","slug":"biocryl","status":"publish","type":"product","link":"https:\/\/web.alisemen.com\/mediko\/urunler\/laboratuvar\/plak\/scheu-dental-plak\/biocryl\/","title":{"rendered":"Biocryl"},"content":{"rendered":"","protected":false},"excerpt":{"rendered":"<p><a class=\"md-pdf\" href=\"\/images\/Biocryl_Doktor.pdf\" target=\"_blank\" rel=\"noopener\"><br \/>\n<span class=\"md-icon\">&#x1f4c4;<\/span><br \/>\n<span class=\"md-text\">Doktor Bro\u015f\u00fcr\u00fc<\/span><br \/>\n<\/a><\/p>\n<p><a class=\"md-pdf\" href=\"\/images\/Biocryl_Not.pdf\" target=\"_blank\" rel=\"noopener\"><br \/>\n<span class=\"md-icon\">&#x1f4c4;<\/span><br \/>\n<span class=\"md-text\">Bilgi Notu<\/span><br \/>\n<\/a><\/p>\n<p><a class=\"md-pdf\" href=\"\/images\/Biocry_Kat.pdf\" target=\"_blank\" rel=\"noopener\"><br \/>\n<span class=\"md-icon\">&#x1f4c4;<\/span><br \/>\n<span class=\"md-text\">Katalog<\/span><br \/>\n<\/a><\/p>\n","protected":false},"featured_media":4755,"comment_status":"open","ping_status":"closed","template":"","meta":{"ngg_post_thumbnail":0,"_joinchat":[]},"product_brand":[],"product_cat":[141,142,143],"product_tag":[],"class_list":{"0":"post-4754","1":"product","2":"type-product","3":"status-publish","4":"has-post-thumbnail","6":"product_cat-laboratuvar","7":"product_cat-plak","8":"product_cat-scheu-dental-plak","10":"first","11":"instock","12":"shipping-taxable","13":"product-type-simple"},"_links":{"self":[{"href":"https:\/\/web.alisemen.com\/mediko\/wp-json\/wp\/v2\/product\/4754","targetHints":{"allow":["GET"]}}],"collection":[{"href":"https:\/\/web.alisemen.com\/mediko\/wp-json\/wp\/v2\/product"}],"about":[{"href":"https:\/\/web.alisemen.com\/mediko\/wp-json\/wp\/v2\/types\/product"}],"replies":[{"embeddable":true,"href":"https:\/\/web.alisemen.com\/mediko\/wp-json\/wp\/v2\/comments?post=4754"}],"wp:featuredmedia":[{"embeddable":true,"href":"https:\/\/web.alisemen.com\/mediko\/wp-json\/wp\/v2\/media\/4755"}],"wp:attachment":[{"href":"https:\/\/web.alisemen.com\/mediko\/wp-json\/wp\/v2\/media?parent=4754"}],"wp:term":[{"taxonomy":"product_brand","embeddable":true,"href":"https:\/\/web.alisemen.com\/mediko\/wp-json\/wp\/v2\/product_brand?post=4754"},{"taxonomy":"product_cat","embeddable":true,"href":"https:\/\/web.alisemen.com\/mediko\/wp-json\/wp\/v2\/product_cat?post=4754"},{"taxonomy":"product_tag","embeddable":true,"href":"https:\/\/web.alisemen.com\/mediko\/wp-json\/wp\/v2\/product_tag?post=4754"}],"curies":[{"name":"wp","href":"https:\/\/api.w.org\/{rel}","templated":true}]}}