{"id":4840,"date":"2025-12-25T11:18:12","date_gmt":"2025-12-25T11:18:12","guid":{"rendered":"https:\/\/web.alisemen.com\/mediko\/?post_type=product&#038;p=4840"},"modified":"2025-12-28T08:33:50","modified_gmt":"2025-12-28T08:33:50","slug":"glam","status":"publish","type":"product","link":"https:\/\/web.alisemen.com\/mediko\/urunler\/braket\/kapaksiz\/seramik-kapaksiz\/forestadent-seramik-kapaksiz\/glam\/","title":{"rendered":"Glam"},"content":{"rendered":"","protected":false},"excerpt":{"rendered":"<p>Tek par\u00e7a geleneksel olarak ba\u011flanabilen seramik braket poli-kristal, distorsiyonsuz bir seramikten \u00fcretilmi\u015ftir ve \u00f6zellikle dikkat \u00e7ekmez. Sert \u0131\u015f\u0131k yans\u0131mas\u0131 nedeniyle y\u00fczeyi g\u00f6ze \u00e7arpan bir\u00e7ok seramik braketin aksine, GLAM\u00ae braketler mat bir \u0131\u015f\u0131lt\u0131 \u00fcretir ve hi\u00e7 dikkat \u00e7ekmez. Ek olarak, m\u00fckemmel \u015feffafl\u0131klar\u0131 sayesinde herhangi bir di\u015fin do\u011fal rengine m\u00fckemmel \u015fekilde uyum sa\u011flayarak braketler neredeyse alg\u0131lanamaz hale gelir. Ve GLAM\u00ae daha da fazlas\u0131n\u0131 yapabilir: Yuvarlat\u0131lm\u0131\u015f slot kenarlar\u0131 sayesinde braketler d\u00fc\u015f\u00fck s\u00fcrt\u00fcnme de\u011ferlerine sahiptir ve di\u015f rengindeki ark tellerinin y\u00fczeylerini korur.<\/p>\n<p><a class=\"md-pdf\" href=\"\/images\/Glam_Doktor.pdf\" target=\"_blank\" rel=\"noopener\"><br \/>\n<span class=\"md-icon\">&#x1f4c4;<\/span><br \/>\n<span class=\"md-text\">Doktor Bro\u015f\u00fcr\u00fc<\/span><br \/>\n<\/a><\/p>\n","protected":false},"featured_media":4849,"comment_status":"open","ping_status":"closed","template":"","meta":{"ngg_post_thumbnail":0,"_joinchat":[]},"product_brand":[],"product_cat":[42,153,147,151],"product_tag":[],"class_list":{"0":"post-4840","1":"product","2":"type-product","3":"status-publish","4":"has-post-thumbnail","6":"product_cat-braket","7":"product_cat-forestadent-seramik-kapaksiz","8":"product_cat-kapaksiz","9":"product_cat-seramik-kapaksiz","11":"first","12":"instock","13":"shipping-taxable","14":"product-type-simple"},"_links":{"self":[{"href":"https:\/\/web.alisemen.com\/mediko\/wp-json\/wp\/v2\/product\/4840","targetHints":{"allow":["GET"]}}],"collection":[{"href":"https:\/\/web.alisemen.com\/mediko\/wp-json\/wp\/v2\/product"}],"about":[{"href":"https:\/\/web.alisemen.com\/mediko\/wp-json\/wp\/v2\/types\/product"}],"replies":[{"embeddable":true,"href":"https:\/\/web.alisemen.com\/mediko\/wp-json\/wp\/v2\/comments?post=4840"}],"wp:featuredmedia":[{"embeddable":true,"href":"https:\/\/web.alisemen.com\/mediko\/wp-json\/wp\/v2\/media\/4849"}],"wp:attachment":[{"href":"https:\/\/web.alisemen.com\/mediko\/wp-json\/wp\/v2\/media?parent=4840"}],"wp:term":[{"taxonomy":"product_brand","embeddable":true,"href":"https:\/\/web.alisemen.com\/mediko\/wp-json\/wp\/v2\/product_brand?post=4840"},{"taxonomy":"product_cat","embeddable":true,"href":"https:\/\/web.alisemen.com\/mediko\/wp-json\/wp\/v2\/product_cat?post=4840"},{"taxonomy":"product_tag","embeddable":true,"href":"https:\/\/web.alisemen.com\/mediko\/wp-json\/wp\/v2\/product_tag?post=4840"}],"curies":[{"name":"wp","href":"https:\/\/api.w.org\/{rel}","templated":true}]}}