{"id":5015,"date":"2025-12-25T13:37:58","date_gmt":"2025-12-25T13:37:58","guid":{"rendered":"https:\/\/web.alisemen.com\/mediko\/?post_type=product&#038;p=5015"},"modified":"2025-12-26T20:10:48","modified_gmt":"2025-12-26T20:10:48","slug":"comfort-line-3d-buccal-tup","status":"publish","type":"product","link":"https:\/\/web.alisemen.com\/mediko\/urunler\/tupler\/forestadent-tupler\/comfort-line-3d-buccal-tup\/","title":{"rendered":"Comfort Line 3D Buccal T\u00fcp"},"content":{"rendered":"","protected":false},"excerpt":{"rendered":"<p>Comfort Line 3D bukkal t\u00fcpler, optimize edilmi\u015f yap\u0131\u015ft\u0131rma sa\u011flayan kan\u0131tlanm\u0131\u015f klasiklerimizin en yeni neslidir. Anatomik olarak \u015fekillendirilmi\u015f, daha k\u00fc\u00e7\u00fck bir ped arac\u0131l\u0131\u011f\u0131yla g\u00fc\u00e7. Bunlar MIM taraf\u0131ndan \u00fcretilen tek par\u00e7a bukkal t\u00fcpler, Comfort Line bukkal t\u00fcplerin t\u00fcm avantajlar\u0131na sahiptir ve ayr\u0131ca nikeldir. 3D taban\u0131n ak\u0131ll\u0131 tasar\u0131m\u0131, optimum g\u00fcvenli ve rahat kemik \u00e7\u0131karma sa\u011flarken yap\u0131\u015fma g\u00fcc\u00fc.<\/p>\n<p><a class=\"md-pdf\" href=\"\/images\/Comfort_Line_3D_Buccal_Doktor.pdf\" target=\"_blank\" rel=\"noopener\"><br \/>\n<span class=\"md-icon\">&#x1f4c4;<\/span><br \/>\n<span class=\"md-text\">Doktor Bro\u015f\u00fcr\u00fc<\/span><br \/>\n<\/a><\/p>\n","protected":false},"featured_media":5016,"comment_status":"open","ping_status":"closed","template":"","meta":{"ngg_post_thumbnail":0,"_joinchat":[]},"product_brand":[],"product_cat":[108,106],"product_tag":[],"class_list":{"0":"post-5015","1":"product","2":"type-product","3":"status-publish","4":"has-post-thumbnail","6":"product_cat-forestadent-tupler","7":"product_cat-tupler","9":"first","10":"instock","11":"shipping-taxable","12":"product-type-simple"},"_links":{"self":[{"href":"https:\/\/web.alisemen.com\/mediko\/wp-json\/wp\/v2\/product\/5015","targetHints":{"allow":["GET"]}}],"collection":[{"href":"https:\/\/web.alisemen.com\/mediko\/wp-json\/wp\/v2\/product"}],"about":[{"href":"https:\/\/web.alisemen.com\/mediko\/wp-json\/wp\/v2\/types\/product"}],"replies":[{"embeddable":true,"href":"https:\/\/web.alisemen.com\/mediko\/wp-json\/wp\/v2\/comments?post=5015"}],"wp:featuredmedia":[{"embeddable":true,"href":"https:\/\/web.alisemen.com\/mediko\/wp-json\/wp\/v2\/media\/5016"}],"wp:attachment":[{"href":"https:\/\/web.alisemen.com\/mediko\/wp-json\/wp\/v2\/media?parent=5015"}],"wp:term":[{"taxonomy":"product_brand","embeddable":true,"href":"https:\/\/web.alisemen.com\/mediko\/wp-json\/wp\/v2\/product_brand?post=5015"},{"taxonomy":"product_cat","embeddable":true,"href":"https:\/\/web.alisemen.com\/mediko\/wp-json\/wp\/v2\/product_cat?post=5015"},{"taxonomy":"product_tag","embeddable":true,"href":"https:\/\/web.alisemen.com\/mediko\/wp-json\/wp\/v2\/product_tag?post=5015"}],"curies":[{"name":"wp","href":"https:\/\/api.w.org\/{rel}","templated":true}]}}