{"id":5070,"date":"2025-12-26T12:24:17","date_gmt":"2025-12-26T12:24:17","guid":{"rendered":"https:\/\/web.alisemen.com\/mediko\/?post_type=product&#038;p=5070"},"modified":"2025-12-28T07:33:30","modified_gmt":"2025-12-28T07:33:30","slug":"ortho-easy","status":"publish","type":"product","link":"https:\/\/web.alisemen.com\/mediko\/urunler\/mikroimplant\/forestadent-mikroimplant\/ortho-easy\/","title":{"rendered":"Ortho Easy"},"content":{"rendered":"","protected":false},"excerpt":{"rendered":"<p><a class=\"md-pdf\" href=\"\/images\/Ortho_Easy_Doktor.pdf\" target=\"_blank\" rel=\"noopener\"><br \/>\n<span class=\"md-icon\">&#x1f4c4;<\/span><br \/>\n<span class=\"md-text\">Doktor Bro\u015f\u00fcr\u00fc<\/span><br \/>\n<\/a><\/p>\n<p><a class=\"md-pdf\" href=\"\/images\/Ortho_Easy_Kul.pdf\" target=\"_blank\" rel=\"noopener\"><br \/>\n<span class=\"md-icon\">&#x1f4c4;<\/span><br \/>\n<span class=\"md-text\">Hasta Bro\u015f\u00fcr\u00fc<\/span><br \/>\n<\/a><\/p>\n","protected":false},"featured_media":5071,"comment_status":"open","ping_status":"closed","template":"","meta":{"ngg_post_thumbnail":0,"_joinchat":[]},"product_brand":[],"product_cat":[129,127],"product_tag":[],"class_list":{"0":"post-5070","1":"product","2":"type-product","3":"status-publish","4":"has-post-thumbnail","6":"product_cat-forestadent-mikroimplant","7":"product_cat-mikroimplant","9":"first","10":"instock","11":"shipping-taxable","12":"product-type-simple"},"_links":{"self":[{"href":"https:\/\/web.alisemen.com\/mediko\/wp-json\/wp\/v2\/product\/5070","targetHints":{"allow":["GET"]}}],"collection":[{"href":"https:\/\/web.alisemen.com\/mediko\/wp-json\/wp\/v2\/product"}],"about":[{"href":"https:\/\/web.alisemen.com\/mediko\/wp-json\/wp\/v2\/types\/product"}],"replies":[{"embeddable":true,"href":"https:\/\/web.alisemen.com\/mediko\/wp-json\/wp\/v2\/comments?post=5070"}],"wp:featuredmedia":[{"embeddable":true,"href":"https:\/\/web.alisemen.com\/mediko\/wp-json\/wp\/v2\/media\/5071"}],"wp:attachment":[{"href":"https:\/\/web.alisemen.com\/mediko\/wp-json\/wp\/v2\/media?parent=5070"}],"wp:term":[{"taxonomy":"product_brand","embeddable":true,"href":"https:\/\/web.alisemen.com\/mediko\/wp-json\/wp\/v2\/product_brand?post=5070"},{"taxonomy":"product_cat","embeddable":true,"href":"https:\/\/web.alisemen.com\/mediko\/wp-json\/wp\/v2\/product_cat?post=5070"},{"taxonomy":"product_tag","embeddable":true,"href":"https:\/\/web.alisemen.com\/mediko\/wp-json\/wp\/v2\/product_tag?post=5070"}],"curies":[{"name":"wp","href":"https:\/\/api.w.org\/{rel}","templated":true}]}}