{"id":5088,"date":"2025-12-26T13:34:12","date_gmt":"2025-12-26T13:34:12","guid":{"rendered":"https:\/\/web.alisemen.com\/mediko\/?post_type=product&#038;p=5088"},"modified":"2025-12-28T07:58:20","modified_gmt":"2025-12-28T07:58:20","slug":"ca-pro","status":"publish","type":"product","link":"https:\/\/web.alisemen.com\/mediko\/urunler\/laboratuvar\/plak\/scheu-dental-plak\/ca-pro\/","title":{"rendered":"CA Pro"},"content":{"rendered":"","protected":false},"excerpt":{"rendered":"<p><a class=\"md-pdf\" href=\"\/images\/CA_Pro_Doktor.pdf\" target=\"_blank\" rel=\"noopener\"><br \/>\n<span class=\"md-icon\">&#x1f4c4;<\/span><br \/>\n<span class=\"md-text\">Doktor Bro\u015f\u00fcr\u00fc<\/span><br \/>\n<\/a><\/p>\n","protected":false},"featured_media":5089,"comment_status":"open","ping_status":"closed","template":"","meta":{"ngg_post_thumbnail":0,"_joinchat":[]},"product_brand":[],"product_cat":[141,142,143],"product_tag":[],"class_list":{"0":"post-5088","1":"product","2":"type-product","3":"status-publish","4":"has-post-thumbnail","6":"product_cat-laboratuvar","7":"product_cat-plak","8":"product_cat-scheu-dental-plak","10":"first","11":"instock","12":"shipping-taxable","13":"product-type-simple"},"_links":{"self":[{"href":"https:\/\/web.alisemen.com\/mediko\/wp-json\/wp\/v2\/product\/5088","targetHints":{"allow":["GET"]}}],"collection":[{"href":"https:\/\/web.alisemen.com\/mediko\/wp-json\/wp\/v2\/product"}],"about":[{"href":"https:\/\/web.alisemen.com\/mediko\/wp-json\/wp\/v2\/types\/product"}],"replies":[{"embeddable":true,"href":"https:\/\/web.alisemen.com\/mediko\/wp-json\/wp\/v2\/comments?post=5088"}],"wp:featuredmedia":[{"embeddable":true,"href":"https:\/\/web.alisemen.com\/mediko\/wp-json\/wp\/v2\/media\/5089"}],"wp:attachment":[{"href":"https:\/\/web.alisemen.com\/mediko\/wp-json\/wp\/v2\/media?parent=5088"}],"wp:term":[{"taxonomy":"product_brand","embeddable":true,"href":"https:\/\/web.alisemen.com\/mediko\/wp-json\/wp\/v2\/product_brand?post=5088"},{"taxonomy":"product_cat","embeddable":true,"href":"https:\/\/web.alisemen.com\/mediko\/wp-json\/wp\/v2\/product_cat?post=5088"},{"taxonomy":"product_tag","embeddable":true,"href":"https:\/\/web.alisemen.com\/mediko\/wp-json\/wp\/v2\/product_tag?post=5088"}],"curies":[{"name":"wp","href":"https:\/\/api.w.org\/{rel}","templated":true}]}}